{"id":28,"date":"2020-06-10T10:32:14","date_gmt":"2020-06-10T10:32:14","guid":{"rendered":"http:\/\/demo.zozothemes.com\/import\/uploads-temp\/klenster\/?page_id=28"},"modified":"2024-09-15T22:05:18","modified_gmt":"2024-09-16T03:05:18","slug":"home","status":"publish","type":"page","link":"https:\/\/expormegafruit.com\/","title":{"rendered":"INICIO"},"content":{"rendered":"\t\t<div data-elementor-type=\"wp-page\" data-elementor-id=\"28\" class=\"elementor elementor-28\">\n\t\t\t\t\t\t<section class=\"elementor-section elementor-top-section elementor-element elementor-element-2476d6c elementor-section-boxed elementor-section-height-default elementor-section-height-default\" data-id=\"2476d6c\" data-element_type=\"section\">\n\t\t\t\t\t\t<div class=\"elementor-container elementor-column-gap-default\">\n\t\t\t\t\t<div class=\"elementor-column elementor-col-100 elementor-top-column elementor-element elementor-element-bb0e7f6\" data-id=\"bb0e7f6\" data-element_type=\"column\">\n\t\t\t<div class=\"elementor-widget-wrap elementor-element-populated\">\n\t\t\t\t\t\t<div class=\"elementor-element elementor-element-e19fdd0 elementor-widget elementor-widget-spacer\" data-id=\"e19fdd0\" data-element_type=\"widget\" data-widget_type=\"spacer.default\">\n\t\t\t\t<div class=\"elementor-widget-container\">\n\t\t\t\t\t<div class=\"elementor-spacer\">\n\t\t\t<div class=\"elementor-spacer-inner\"><\/div>\n\t\t<\/div>\n\t\t\t\t<\/div>\n\t\t\t\t<\/div>\n\t\t\t\t<section class=\"elementor-section elementor-inner-section elementor-element elementor-element-5d74ed8 elementor-section-content-middle elementor-section-boxed elementor-section-height-default elementor-section-height-default\" data-id=\"5d74ed8\" data-element_type=\"section\">\n\t\t\t\t\t\t<div class=\"elementor-container elementor-column-gap-default\">\n\t\t\t\t\t<div class=\"elementor-column elementor-col-50 elementor-inner-column elementor-element elementor-element-3dc447b\" data-id=\"3dc447b\" data-element_type=\"column\">\n\t\t\t<div class=\"elementor-widget-wrap elementor-element-populated\">\n\t\t\t\t\t\t<div class=\"elementor-element elementor-element-543c1aa elementor-widget elementor-widget-klenstersectiontitle\" data-id=\"543c1aa\" data-element_type=\"widget\" data-widget_type=\"klenstersectiontitle.default\">\n\t\t\t\t<div class=\"elementor-widget-container\">\n\t\t\t<div class=\"section-title-wrapper margin-bottom-0\"><div class=\"title-wrap\"><h5 class=\"section-title\">\u00bfQUIENES SOMOS?<\/h5><\/div><!-- .title-wrap --><div class=\"section-description\"><\/div><!-- .section-description --><\/div><!-- .section-title-wrapper -->\t\t<\/div>\n\t\t\t\t<\/div>\n\t\t\t\t<div class=\"elementor-element elementor-element-4291a64 elementor-widget elementor-widget-image\" data-id=\"4291a64\" data-element_type=\"widget\" data-widget_type=\"image.default\">\n\t\t\t\t<div class=\"elementor-widget-container\">\n\t\t\t\t\t\t\t\t\t\t\t\t\t<img fetchpriority=\"high\" decoding=\"async\" width=\"951\" height=\"487\" src=\"https:\/\/expormegafruit.com\/wp-content\/uploads\/2024\/09\/Logo-expormegafruit.png\" class=\"attachment-full size-full wp-image-14827\" alt=\"\" srcset=\"https:\/\/expormegafruit.com\/wp-content\/uploads\/2024\/09\/Logo-expormegafruit.png 951w, https:\/\/expormegafruit.com\/wp-content\/uploads\/2024\/09\/Logo-expormegafruit-768x393.png 768w\" sizes=\"(max-width: 951px) 100vw, 951px\" \/>\t\t\t\t\t\t\t\t\t\t\t\t\t<\/div>\n\t\t\t\t<\/div>\n\t\t\t\t<div class=\"elementor-element elementor-element-450e045 elementor-widget elementor-widget-text-editor\" data-id=\"450e045\" data-element_type=\"widget\" data-widget_type=\"text-editor.default\">\n\t\t\t\t<div class=\"elementor-widget-container\">\n\t\t\t\t\t\t\t<div class=\"elementor-element elementor-element-9b89005 elementor-widget elementor-widget-text-editor\" data-id=\"9b89005\" data-element_type=\"widget\" data-widget_type=\"text-editor.default\"><div class=\"elementor-widget-container\"><p><strong>Exportmegafruit,<\/strong> se dedica a la producci\u00f3n y exportaci\u00f3n de Frutas, especialmente de granadilla (Passiflora ligularis), fruta que cuenta con nutrientes naturales y se le atribuyen propiedades muy positivas para la salud.<\/p><p>Contamos con proveedores directos y calificados para la producci\u00f3n y reabastecimiento de la fruta, la misma que ser\u00e1 consolidada para la exportaci\u00f3n, consiguiendo as\u00ed de esta manera que la fruta cumpla con la demanda de los consumidores. Siendo as\u00ed frutas de gran beneficio para el consumidor, ya que adem\u00e1s de sus valores nutritivos tanto el fruto como las hojas poseen propiedades medicinales.<\/p><\/div><\/div><div class=\"elementor-element elementor-element-593cf8c2 elementor-widget elementor-widget-text-editor\" data-id=\"593cf8c2\" data-element_type=\"widget\" data-widget_type=\"text-editor.default\"><div class=\"elementor-widget-container\"><div class=\"column-content c pr cf pr-0 pr-320 pr-365 pr-400 pr-480\"><div class=\"c-c c-s-h cf\"><div class=\"b b-text cf\"><div class=\"b-c b-text-c b-s b-s-t60 b-s-b60 cf\"><p>Siendo de gran cultivo principalmente en las provincias de Imbabura, Tungurahua, Napo y Azuay.<\/p><p>Nuestra producci\u00f3n se ubica en el valle de Intag del cant\u00f3n Cotacachi, perteneciente a la provincia de Imbabura, lugar de grandes beneficios clim\u00e1ticos para la producci\u00f3n de la misma, tomando en cuenta que adem\u00e1s posee un gran beneficio en la estructura del suelo, ya que es muy rico en nutrientes lo que le da un sabor inigualable a la granadilla y a todas nuestras frutas.<\/p><p>Establecernos como empresa l\u00edder en la exportaci\u00f3n de fruta a mercados internacionales, desde el valle de Intag del Cant\u00f3n Cotacachi hacia el mundo.<\/p><p>Industria Ecuatoriana, dedicada al cultivo, tratado de la fruta y elaboraci\u00f3n de pulpa de fruta.<\/p><\/div><\/div><\/div><\/div><\/div><\/div>\t\t\t\t\t\t<\/div>\n\t\t\t\t<\/div>\n\t\t\t\t\t<\/div>\n\t\t<\/div>\n\t\t\t\t<div class=\"elementor-column elementor-col-50 elementor-inner-column elementor-element elementor-element-3968ce8 ps-lg-4\" data-id=\"3968ce8\" data-element_type=\"column\">\n\t\t\t<div class=\"elementor-widget-wrap elementor-element-populated\">\n\t\t\t\t\t\t<div class=\"elementor-element elementor-element-d016338 elementor-widget elementor-widget-image\" data-id=\"d016338\" data-element_type=\"widget\" data-widget_type=\"image.default\">\n\t\t\t\t<div class=\"elementor-widget-container\">\n\t\t\t\t\t\t\t\t\t\t\t\t\t<img decoding=\"async\" width=\"850\" height=\"567\" src=\"https:\/\/expormegafruit.com\/wp-content\/uploads\/2024\/09\/grupo-sin-fondo.png\" class=\"attachment-full size-full wp-image-14862\" alt=\"\" srcset=\"https:\/\/expormegafruit.com\/wp-content\/uploads\/2024\/09\/grupo-sin-fondo.png 850w, https:\/\/expormegafruit.com\/wp-content\/uploads\/2024\/09\/grupo-sin-fondo-768x512.png 768w\" sizes=\"(max-width: 850px) 100vw, 850px\" \/>\t\t\t\t\t\t\t\t\t\t\t\t\t<\/div>\n\t\t\t\t<\/div>\n\t\t\t\t<div class=\"elementor-element elementor-element-3d39698 elementor-widget elementor-widget-klenstersectiontitle\" data-id=\"3d39698\" data-element_type=\"widget\" data-widget_type=\"klenstersectiontitle.default\">\n\t\t\t\t<div class=\"elementor-widget-container\">\n\t\t\t<div class=\"section-title-wrapper margin-bottom-0\"><div class=\"title-wrap\"><h5 class=\"section-title\">OBJETIVOS GENERALES<\/h5><\/div><!-- .title-wrap --><div class=\"section-description\"><\/div><!-- .section-description --><\/div><!-- .section-title-wrapper -->\t\t<\/div>\n\t\t\t\t<\/div>\n\t\t\t\t<div class=\"elementor-element elementor-element-6c76dea elementor-widget elementor-widget-text-editor\" data-id=\"6c76dea\" data-element_type=\"widget\" data-widget_type=\"text-editor.default\">\n\t\t\t\t<div class=\"elementor-widget-container\">\n\t\t\t\t\t\t\t<p>Establecer a nuestra empresa como l\u00edder en producci\u00f3n, comercializaci\u00f3n y exportaci\u00f3n de frutas a nivel mundial, diferenci\u00e1ndonos por la calidad de nuestro producto, servicio y precio con el fin de mantener la satisfacci\u00f3n de nuestros clientes.<\/p>\t\t\t\t\t\t<\/div>\n\t\t\t\t<\/div>\n\t\t\t\t<div class=\"elementor-element elementor-element-3c17ed5 elementor-widget elementor-widget-klenstersectiontitle\" data-id=\"3c17ed5\" data-element_type=\"widget\" data-widget_type=\"klenstersectiontitle.default\">\n\t\t\t\t<div class=\"elementor-widget-container\">\n\t\t\t<div class=\"section-title-wrapper margin-bottom-0\"><div class=\"title-wrap\"><h5 class=\"section-title\">OBJETIVOS ESPECIFICOS<\/h5><\/div><!-- .title-wrap --><div class=\"section-description\"><\/div><!-- .section-description --><\/div><!-- .section-title-wrapper -->\t\t<\/div>\n\t\t\t\t<\/div>\n\t\t\t\t<div class=\"elementor-element elementor-element-8b26db9 elementor-widget elementor-widget-text-editor\" data-id=\"8b26db9\" data-element_type=\"widget\" data-widget_type=\"text-editor.default\">\n\t\t\t\t<div class=\"elementor-widget-container\">\n\t\t\t\t\t\t\t<p>Ofrecer productos con los m\u00e1s altos est\u00e1ndares de calidad y servicio, para cumplir con los requerimientos del mercado y las necesidades de nuestros consumidores.<\/p><p>Garantizar la calidad de nuestras frutas mediante el empleo de los mejores recursos tanto humanos como tecnol\u00f3gicos, para consolidar la confianza y satisfacci\u00f3n de nuestros clientes.<\/p><p>Distinguir a nuestra empresa por la eficiencia de nuestras operaciones, garantizando una entrega \u00f3ptima de nuestras frutas desde el campo hacia las manos de nuestros consumidores.<\/p>\t\t\t\t\t\t<\/div>\n\t\t\t\t<\/div>\n\t\t\t\t\t<\/div>\n\t\t<\/div>\n\t\t\t\t\t<\/div>\n\t\t<\/section>\n\t\t\t\t\t<\/div>\n\t\t<\/div>\n\t\t\t\t\t<\/div>\n\t\t<\/section>\n\t\t\t\t<section class=\"elementor-section elementor-top-section elementor-element elementor-element-38e7551 elementor-section-full_width elementor-section-stretched elementor-section-height-default elementor-section-height-default\" data-id=\"38e7551\" data-element_type=\"section\" data-settings=\"{&quot;stretch_section&quot;:&quot;section-stretched&quot;,&quot;background_background&quot;:&quot;classic&quot;}\">\n\t\t\t\t\t\t<div class=\"elementor-container elementor-column-gap-default\">\n\t\t\t\t\t<div class=\"elementor-column elementor-col-100 elementor-top-column elementor-element elementor-element-ebf8c91\" data-id=\"ebf8c91\" data-element_type=\"column\">\n\t\t\t<div class=\"elementor-widget-wrap elementor-element-populated\">\n\t\t\t\t\t\t<div class=\"elementor-element elementor-element-3b36640 elementor-widget elementor-widget-spacer\" data-id=\"3b36640\" data-element_type=\"widget\" data-widget_type=\"spacer.default\">\n\t\t\t\t<div class=\"elementor-widget-container\">\n\t\t\t\t\t<div class=\"elementor-spacer\">\n\t\t\t<div class=\"elementor-spacer-inner\"><\/div>\n\t\t<\/div>\n\t\t\t\t<\/div>\n\t\t\t\t<\/div>\n\t\t\t\t<section class=\"elementor-section elementor-inner-section elementor-element elementor-element-9622914 elementor-section-content-middle elementor-section-boxed elementor-section-height-default elementor-section-height-default\" data-id=\"9622914\" data-element_type=\"section\" data-settings=\"{&quot;background_background&quot;:&quot;classic&quot;}\">\n\t\t\t\t\t\t<div class=\"elementor-container elementor-column-gap-narrow\">\n\t\t\t\t\t<div class=\"elementor-column elementor-col-50 elementor-inner-column elementor-element elementor-element-33d81ff\" data-id=\"33d81ff\" data-element_type=\"column\">\n\t\t\t<div class=\"elementor-widget-wrap elementor-element-populated\">\n\t\t\t\t\t\t<div class=\"elementor-element elementor-element-e6b4112 elementor-view-default elementor-widget elementor-widget-icon\" data-id=\"e6b4112\" data-element_type=\"widget\" data-widget_type=\"icon.default\">\n\t\t\t\t<div class=\"elementor-widget-container\">\n\t\t\t\t\t<div class=\"elementor-icon-wrapper\">\n\t\t\t<div class=\"elementor-icon\">\n\t\t\t<svg aria-hidden=\"true\" class=\"e-font-icon-svg e-far-eye\" viewBox=\"0 0 576 512\" xmlns=\"http:\/\/www.w3.org\/2000\/svg\"><path d=\"M288 144a110.94 110.94 0 0 0-31.24 5 55.4 55.4 0 0 1 7.24 27 56 56 0 0 1-56 56 55.4 55.4 0 0 1-27-7.24A111.71 111.71 0 1 0 288 144zm284.52 97.4C518.29 135.59 410.93 64 288 64S57.68 135.64 3.48 241.41a32.35 32.35 0 0 0 0 29.19C57.71 376.41 165.07 448 288 448s230.32-71.64 284.52-177.41a32.35 32.35 0 0 0 0-29.19zM288 400c-98.65 0-189.09-55-237.93-144C98.91 167 189.34 112 288 112s189.09 55 237.93 144C477.1 345 386.66 400 288 400z\"><\/path><\/svg>\t\t\t<\/div>\n\t\t<\/div>\n\t\t\t\t<\/div>\n\t\t\t\t<\/div>\n\t\t\t\t<div class=\"elementor-element elementor-element-42a09c7 elementor-widget elementor-widget-klenstersectiontitle\" data-id=\"42a09c7\" data-element_type=\"widget\" data-widget_type=\"klenstersectiontitle.default\">\n\t\t\t\t<div class=\"elementor-widget-container\">\n\t\t\t<div class=\"section-title-wrapper margin-bottom-0 text-center\"><div class=\"title-wrap\"><h5 class=\"section-title\">VISI\u00d3N<\/h5><\/div><!-- .title-wrap --><div class=\"section-description\"><\/div><!-- .section-description --><\/div><!-- .section-title-wrapper -->\t\t<\/div>\n\t\t\t\t<\/div>\n\t\t\t\t<div class=\"elementor-element elementor-element-8f9a7a1 elementor-widget elementor-widget-text-editor\" data-id=\"8f9a7a1\" data-element_type=\"widget\" data-widget_type=\"text-editor.default\">\n\t\t\t\t<div class=\"elementor-widget-container\">\n\t\t\t\t\t\t\t<p style=\"text-align: center;\"><span style=\"color: #ffffff;\">Promover la oferta exportable de la FRUTA ECUATORIANA, posicionando nuestra marca en los mercados m\u00e1s competitivos y exigentes; distingui\u00e9ndonos por la calidad, el servicio y la seguridad en nuestras operaciones.<\/span><\/p>\t\t\t\t\t\t<\/div>\n\t\t\t\t<\/div>\n\t\t\t\t\t<\/div>\n\t\t<\/div>\n\t\t\t\t<div class=\"elementor-column elementor-col-50 elementor-inner-column elementor-element elementor-element-f79fd0f ps-lg-4\" data-id=\"f79fd0f\" data-element_type=\"column\">\n\t\t\t<div class=\"elementor-widget-wrap elementor-element-populated\">\n\t\t\t\t\t\t<div class=\"elementor-element elementor-element-8ea256b elementor-view-default elementor-widget elementor-widget-icon\" data-id=\"8ea256b\" data-element_type=\"widget\" data-widget_type=\"icon.default\">\n\t\t\t\t<div class=\"elementor-widget-container\">\n\t\t\t\t\t<div class=\"elementor-icon-wrapper\">\n\t\t\t<div class=\"elementor-icon\">\n\t\t\t<svg aria-hidden=\"true\" class=\"e-font-icon-svg e-fas-people-carry\" viewBox=\"0 0 640 512\" xmlns=\"http:\/\/www.w3.org\/2000\/svg\"><path d=\"M128 96c26.5 0 48-21.5 48-48S154.5 0 128 0 80 21.5 80 48s21.5 48 48 48zm384 0c26.5 0 48-21.5 48-48S538.5 0 512 0s-48 21.5-48 48 21.5 48 48 48zm125.7 372.1l-44-110-41.1 46.4-2 18.2 27.7 69.2c5 12.5 17 20.1 29.7 20.1 4 0 8-.7 11.9-2.3 16.4-6.6 24.4-25.2 17.8-41.6zm-34.2-209.8L585 178.1c-4.6-20-18.6-36.8-37.5-44.9-18.5-8-39-6.7-56.1 3.3-22.7 13.4-39.7 34.5-48.1 59.4L432 229.8 416 240v-96c0-8.8-7.2-16-16-16H240c-8.8 0-16 7.2-16 16v96l-16.1-10.2-11.3-33.9c-8.3-25-25.4-46-48.1-59.4-17.2-10-37.6-11.3-56.1-3.3-18.9 8.1-32.9 24.9-37.5 44.9l-18.4 80.2c-4.6 20 .7 41.2 14.4 56.7l67.2 75.9 10.1 92.6C130 499.8 143.8 512 160 512c1.2 0 2.3-.1 3.5-.2 17.6-1.9 30.2-17.7 28.3-35.3l-10.1-92.8c-1.5-13-6.9-25.1-15.6-35l-43.3-49 17.6-70.3 6.8 20.4c4.1 12.5 11.9 23.4 24.5 32.6l51.1 32.5c4.6 2.9 12.1 4.6 17.2 5h160c5.1-.4 12.6-2.1 17.2-5l51.1-32.5c12.6-9.2 20.4-20 24.5-32.6l6.8-20.4 17.6 70.3-43.3 49c-8.7 9.9-14.1 22-15.6 35l-10.1 92.8c-1.9 17.6 10.8 33.4 28.3 35.3 1.2.1 2.3.2 3.5.2 16.1 0 30-12.1 31.8-28.5l10.1-92.6 67.2-75.9c13.6-15.5 19-36.7 14.4-56.7zM46.3 358.1l-44 110c-6.6 16.4 1.4 35 17.8 41.6 16.8 6.6 35.1-1.7 41.6-17.8l27.7-69.2-2-18.2-41.1-46.4z\"><\/path><\/svg>\t\t\t<\/div>\n\t\t<\/div>\n\t\t\t\t<\/div>\n\t\t\t\t<\/div>\n\t\t\t\t<div class=\"elementor-element elementor-element-ec55b60 elementor-widget elementor-widget-klenstersectiontitle\" data-id=\"ec55b60\" data-element_type=\"widget\" data-widget_type=\"klenstersectiontitle.default\">\n\t\t\t\t<div class=\"elementor-widget-container\">\n\t\t\t<div class=\"section-title-wrapper margin-bottom-0 text-center\"><div class=\"title-wrap\"><h5 class=\"section-title\">MISI\u00d3N<\/h5><\/div><!-- .title-wrap --><div class=\"section-description\"><\/div><!-- .section-description --><\/div><!-- .section-title-wrapper -->\t\t<\/div>\n\t\t\t\t<\/div>\n\t\t\t\t<div class=\"elementor-element elementor-element-d3379f4 elementor-widget elementor-widget-text-editor\" data-id=\"d3379f4\" data-element_type=\"widget\" data-widget_type=\"text-editor.default\">\n\t\t\t\t<div class=\"elementor-widget-container\">\n\t\t\t\t\t\t\t<p style=\"text-align: center;\"><span style=\"color: #ffffff;\">Ser la empresa l\u00edder en la exportaci\u00f3n y comercializaci\u00f3n de fruta en todo el ECUADOR, con los m\u00e1s altos est\u00e1ndares de calidad y servicio para los clientes locales e internacionales, comprometi\u00e9ndonos con la seguridad de nuestras operaciones y bienestar de nuestros colaboradores.<\/span><\/p>\t\t\t\t\t\t<\/div>\n\t\t\t\t<\/div>\n\t\t\t\t\t<\/div>\n\t\t<\/div>\n\t\t\t\t\t<\/div>\n\t\t<\/section>\n\t\t\t\t<div class=\"elementor-element elementor-element-ddccfe7 elementor-widget elementor-widget-spacer\" data-id=\"ddccfe7\" data-element_type=\"widget\" data-widget_type=\"spacer.default\">\n\t\t\t\t<div class=\"elementor-widget-container\">\n\t\t\t\t\t<div class=\"elementor-spacer\">\n\t\t\t<div class=\"elementor-spacer-inner\"><\/div>\n\t\t<\/div>\n\t\t\t\t<\/div>\n\t\t\t\t<\/div>\n\t\t\t\t\t<\/div>\n\t\t<\/div>\n\t\t\t\t\t<\/div>\n\t\t<\/section>\n\t\t\t\t<section class=\"elementor-section elementor-top-section elementor-element elementor-element-4076c41 elementor-section-boxed elementor-section-height-default elementor-section-height-default\" data-id=\"4076c41\" data-element_type=\"section\">\n\t\t\t\t\t\t<div class=\"elementor-container elementor-column-gap-default\">\n\t\t\t\t\t<div class=\"elementor-column elementor-col-100 elementor-top-column elementor-element elementor-element-9423bba\" data-id=\"9423bba\" data-element_type=\"column\">\n\t\t\t<div class=\"elementor-widget-wrap elementor-element-populated\">\n\t\t\t\t\t\t<div class=\"elementor-element elementor-element-575adf2 elementor-widget elementor-widget-spacer\" data-id=\"575adf2\" data-element_type=\"widget\" data-widget_type=\"spacer.default\">\n\t\t\t\t<div class=\"elementor-widget-container\">\n\t\t\t\t\t<div class=\"elementor-spacer\">\n\t\t\t<div class=\"elementor-spacer-inner\"><\/div>\n\t\t<\/div>\n\t\t\t\t<\/div>\n\t\t\t\t<\/div>\n\t\t\t\t<section class=\"elementor-section elementor-inner-section elementor-element elementor-element-002db27 elementor-section-content-middle elementor-section-boxed elementor-section-height-default elementor-section-height-default\" data-id=\"002db27\" data-element_type=\"section\">\n\t\t\t\t\t\t<div class=\"elementor-container elementor-column-gap-narrow\">\n\t\t\t\t\t<div class=\"elementor-column elementor-col-50 elementor-inner-column elementor-element elementor-element-a7e554b\" data-id=\"a7e554b\" data-element_type=\"column\">\n\t\t\t<div class=\"elementor-widget-wrap elementor-element-populated\">\n\t\t\t\t\t\t<div class=\"elementor-element elementor-element-d9a046a elementor-widget elementor-widget-klenstersectiontitle\" data-id=\"d9a046a\" data-element_type=\"widget\" data-widget_type=\"klenstersectiontitle.default\">\n\t\t\t\t<div class=\"elementor-widget-container\">\n\t\t\t<div class=\"section-title-wrapper margin-bottom-0\"><div class=\"title-wrap\"><h5 class=\"section-title\">Nuestras frutas crecen hermosas gracias a nuestras tierras.<\/h5><span class=\"title-separator separator-border theme-color-bg\"><\/span><\/div><!-- .title-wrap --><div class=\"section-description\">Nuestro proceso de producci\u00f3n empieza en el campo con nuestros productores, donde nos aseguramos que cumplan con todos los est\u00e1ndares de calidad, desde su cultivo, fumigaciones, pos cosecha hasta que nuestros productos lleguen a nuestros consumidores, con esto se puede garantizar una trazabilidad completa de calidad para el consumo de nuestros clientes.<\/div><!-- .section-description --><\/div><!-- .section-title-wrapper -->\t\t<\/div>\n\t\t\t\t<\/div>\n\t\t\t\t<div class=\"elementor-element elementor-element-68feb1a elementor-widget elementor-widget-image-gallery\" data-id=\"68feb1a\" data-element_type=\"widget\" data-widget_type=\"image-gallery.default\">\n\t\t\t\t<div class=\"elementor-widget-container\">\n\t\t\t\t\t<div class=\"elementor-image-gallery\">\n\t\t\t<div id='gallery-1' class='gallery galleryid-28 gallery-columns-3 gallery-size-1536x1536'><figure class='gallery-item'>\n\t\t\t<div class='gallery-icon landscape'>\n\t\t\t\t<a data-elementor-open-lightbox=\"yes\" data-elementor-lightbox-slideshow=\"68feb1a\" data-elementor-lightbox-title=\"campo-scaled\" data-e-action-hash=\"#elementor-action%3Aaction%3Dlightbox%26settings%3DeyJpZCI6MTQ4NTksInVybCI6Imh0dHBzOlwvXC9leHBvcm1lZ2FmcnVpdC5jb21cL3dwLWNvbnRlbnRcL3VwbG9hZHNcLzIwMjRcLzA5XC9jYW1wby1zY2FsZWQtMS5qcGciLCJzbGlkZXNob3ciOiI2OGZlYjFhIn0%3D\" href='https:\/\/expormegafruit.com\/wp-content\/uploads\/2024\/09\/campo-scaled-1.jpg'><img decoding=\"async\" width=\"1536\" height=\"1024\" src=\"https:\/\/expormegafruit.com\/wp-content\/uploads\/2024\/09\/campo-scaled-1-1536x1024.jpg\" class=\"attachment-1536x1536 size-1536x1536\" alt=\"\" srcset=\"https:\/\/expormegafruit.com\/wp-content\/uploads\/2024\/09\/campo-scaled-1-1536x1024.jpg 1536w, https:\/\/expormegafruit.com\/wp-content\/uploads\/2024\/09\/campo-scaled-1-768x512.jpg 768w, https:\/\/expormegafruit.com\/wp-content\/uploads\/2024\/09\/campo-scaled-1-2048x1366.jpg 2048w\" sizes=\"(max-width: 1536px) 100vw, 1536px\" \/><\/a>\n\t\t\t<\/div><\/figure><figure class='gallery-item'>\n\t\t\t<div class='gallery-icon landscape'>\n\t\t\t\t<a data-elementor-open-lightbox=\"yes\" data-elementor-lightbox-slideshow=\"68feb1a\" data-elementor-lightbox-title=\"campo-2-scaled\" data-e-action-hash=\"#elementor-action%3Aaction%3Dlightbox%26settings%3DeyJpZCI6MTQ4NjAsInVybCI6Imh0dHBzOlwvXC9leHBvcm1lZ2FmcnVpdC5jb21cL3dwLWNvbnRlbnRcL3VwbG9hZHNcLzIwMjRcLzA5XC9jYW1wby0yLXNjYWxlZC0xLmpwZyIsInNsaWRlc2hvdyI6IjY4ZmViMWEifQ%3D%3D\" href='https:\/\/expormegafruit.com\/wp-content\/uploads\/2024\/09\/campo-2-scaled-1.jpg'><img loading=\"lazy\" decoding=\"async\" width=\"1536\" height=\"863\" src=\"https:\/\/expormegafruit.com\/wp-content\/uploads\/2024\/09\/campo-2-scaled-1-1536x863.jpg\" class=\"attachment-1536x1536 size-1536x1536\" alt=\"\" srcset=\"https:\/\/expormegafruit.com\/wp-content\/uploads\/2024\/09\/campo-2-scaled-1-1536x863.jpg 1536w, https:\/\/expormegafruit.com\/wp-content\/uploads\/2024\/09\/campo-2-scaled-1-768x431.jpg 768w, https:\/\/expormegafruit.com\/wp-content\/uploads\/2024\/09\/campo-2-scaled-1-2048x1150.jpg 2048w\" sizes=\"(max-width: 1536px) 100vw, 1536px\" \/><\/a>\n\t\t\t<\/div><\/figure><figure class='gallery-item'>\n\t\t\t<div class='gallery-icon landscape'>\n\t\t\t\t<a data-elementor-open-lightbox=\"yes\" data-elementor-lightbox-slideshow=\"68feb1a\" data-elementor-lightbox-title=\"banner-4-granfruta-scaled\" data-e-action-hash=\"#elementor-action%3Aaction%3Dlightbox%26settings%3DeyJpZCI6MTQ4NTgsInVybCI6Imh0dHBzOlwvXC9leHBvcm1lZ2FmcnVpdC5jb21cL3dwLWNvbnRlbnRcL3VwbG9hZHNcLzIwMjRcLzA5XC9iYW5uZXItNC1ncmFuZnJ1dGEtc2NhbGVkLTEuanBnIiwic2xpZGVzaG93IjoiNjhmZWIxYSJ9\" href='https:\/\/expormegafruit.com\/wp-content\/uploads\/2024\/09\/banner-4-granfruta-scaled-1.jpg'><img loading=\"lazy\" decoding=\"async\" width=\"1536\" height=\"1024\" src=\"https:\/\/expormegafruit.com\/wp-content\/uploads\/2024\/09\/banner-4-granfruta-scaled-1-1536x1024.jpg\" class=\"attachment-1536x1536 size-1536x1536\" alt=\"\" srcset=\"https:\/\/expormegafruit.com\/wp-content\/uploads\/2024\/09\/banner-4-granfruta-scaled-1-1536x1024.jpg 1536w, https:\/\/expormegafruit.com\/wp-content\/uploads\/2024\/09\/banner-4-granfruta-scaled-1-768x512.jpg 768w, https:\/\/expormegafruit.com\/wp-content\/uploads\/2024\/09\/banner-4-granfruta-scaled-1-2048x1366.jpg 2048w\" sizes=\"(max-width: 1536px) 100vw, 1536px\" \/><\/a>\n\t\t\t<\/div><\/figure>\n\t\t<\/div>\n\t\t<\/div>\n\t\t\t\t<\/div>\n\t\t\t\t<\/div>\n\t\t\t\t\t<\/div>\n\t\t<\/div>\n\t\t\t\t<div class=\"elementor-column elementor-col-50 elementor-inner-column elementor-element elementor-element-4ae74ef ps-lg-4\" data-id=\"4ae74ef\" data-element_type=\"column\">\n\t\t\t<div class=\"elementor-widget-wrap elementor-element-populated\">\n\t\t\t\t\t\t<div class=\"elementor-element elementor-element-1be1a4d elementor-widget elementor-widget-image\" data-id=\"1be1a4d\" data-element_type=\"widget\" data-widget_type=\"image.default\">\n\t\t\t\t<div class=\"elementor-widget-container\">\n\t\t\t\t\t\t\t\t\t\t\t\t\t<img loading=\"lazy\" decoding=\"async\" width=\"850\" height=\"567\" src=\"https:\/\/expormegafruit.com\/wp-content\/uploads\/2024\/09\/grupo-fruta.jpg\" class=\"attachment-large size-large wp-image-14921\" alt=\"\" srcset=\"https:\/\/expormegafruit.com\/wp-content\/uploads\/2024\/09\/grupo-fruta.jpg 850w, https:\/\/expormegafruit.com\/wp-content\/uploads\/2024\/09\/grupo-fruta-768x512.jpg 768w\" sizes=\"(max-width: 850px) 100vw, 850px\" \/>\t\t\t\t\t\t\t\t\t\t\t\t\t<\/div>\n\t\t\t\t<\/div>\n\t\t\t\t\t<\/div>\n\t\t<\/div>\n\t\t\t\t\t<\/div>\n\t\t<\/section>\n\t\t\t\t<div class=\"elementor-element elementor-element-b3ca2d4 elementor-widget elementor-widget-spacer\" data-id=\"b3ca2d4\" data-element_type=\"widget\" data-widget_type=\"spacer.default\">\n\t\t\t\t<div class=\"elementor-widget-container\">\n\t\t\t\t\t<div class=\"elementor-spacer\">\n\t\t\t<div class=\"elementor-spacer-inner\"><\/div>\n\t\t<\/div>\n\t\t\t\t<\/div>\n\t\t\t\t<\/div>\n\t\t\t\t\t<\/div>\n\t\t<\/div>\n\t\t\t\t\t<\/div>\n\t\t<\/section>\n\t\t\t\t<\/div>\n\t\t","protected":false},"excerpt":{"rendered":"<p>\u00bfQUIENES SOMOS? Exportmegafruit, se dedica a la producci\u00f3n y exportaci\u00f3n de Frutas, especialmente de granadilla (Passiflora ligularis), fruta que cuenta con nutrientes naturales y se le atribuyen propiedades muy positivas para la salud. Contamos con proveedores directos y calificados para la producci\u00f3n y reabastecimiento de la fruta, la misma que ser\u00e1 consolidada para la exportaci\u00f3n,<\/p>\n","protected":false},"author":1,"featured_media":0,"parent":0,"menu_order":0,"comment_status":"closed","ping_status":"closed","template":"","meta":{"footnotes":""},"class_list":["post-28","page","type-page","status-publish","hentry"],"_links":{"self":[{"href":"https:\/\/expormegafruit.com\/index.php?rest_route=\/wp\/v2\/pages\/28","targetHints":{"allow":["GET"]}}],"collection":[{"href":"https:\/\/expormegafruit.com\/index.php?rest_route=\/wp\/v2\/pages"}],"about":[{"href":"https:\/\/expormegafruit.com\/index.php?rest_route=\/wp\/v2\/types\/page"}],"author":[{"embeddable":true,"href":"https:\/\/expormegafruit.com\/index.php?rest_route=\/wp\/v2\/users\/1"}],"replies":[{"embeddable":true,"href":"https:\/\/expormegafruit.com\/index.php?rest_route=%2Fwp%2Fv2%2Fcomments&post=28"}],"version-history":[{"count":61,"href":"https:\/\/expormegafruit.com\/index.php?rest_route=\/wp\/v2\/pages\/28\/revisions"}],"predecessor-version":[{"id":15203,"href":"https:\/\/expormegafruit.com\/index.php?rest_route=\/wp\/v2\/pages\/28\/revisions\/15203"}],"wp:attachment":[{"href":"https:\/\/expormegafruit.com\/index.php?rest_route=%2Fwp%2Fv2%2Fmedia&parent=28"}],"curies":[{"name":"wp","href":"https:\/\/api.w.org\/{rel}","templated":true}]}}