{"id":13384,"date":"2020-06-17T12:07:55","date_gmt":"2020-06-17T12:07:55","guid":{"rendered":"http:\/\/demo.zozothemes.com\/import\/uploads-temp\/klenster\/?page_id=13384"},"modified":"2025-10-13T13:40:48","modified_gmt":"2025-10-13T18:40:48","slug":"contact","status":"publish","type":"page","link":"https:\/\/expormegafruit.com\/?page_id=13384","title":{"rendered":"CONTACTOS"},"content":{"rendered":"\t\t<div data-elementor-type=\"wp-page\" data-elementor-id=\"13384\" class=\"elementor elementor-13384\">\n\t\t\t\t\t\t<section class=\"elementor-section elementor-top-section elementor-element elementor-element-7148d67 elementor-section-boxed elementor-section-height-default elementor-section-height-default\" data-id=\"7148d67\" data-element_type=\"section\">\n\t\t\t\t\t\t<div class=\"elementor-container elementor-column-gap-default\">\n\t\t\t\t\t<div class=\"elementor-column elementor-col-100 elementor-top-column elementor-element elementor-element-df865d6\" data-id=\"df865d6\" data-element_type=\"column\">\n\t\t\t<div class=\"elementor-widget-wrap elementor-element-populated\">\n\t\t\t\t\t\t<section class=\"elementor-section elementor-inner-section elementor-element elementor-element-9fea13e elementor-section-boxed elementor-section-height-default elementor-section-height-default\" data-id=\"9fea13e\" data-element_type=\"section\">\n\t\t\t\t\t\t<div class=\"elementor-container elementor-column-gap-default\">\n\t\t\t\t\t<div class=\"elementor-column elementor-col-33 elementor-inner-column elementor-element elementor-element-cf936c8\" data-id=\"cf936c8\" data-element_type=\"column\">\n\t\t\t<div class=\"elementor-widget-wrap elementor-element-populated\">\n\t\t\t\t\t\t<div class=\"elementor-element elementor-element-906e4d5 elementor-widget elementor-widget-image\" data-id=\"906e4d5\" data-element_type=\"widget\" data-widget_type=\"image.default\">\n\t\t\t\t<div class=\"elementor-widget-container\">\n\t\t\t\t\t\t\t\t\t\t\t\t\t<img fetchpriority=\"high\" decoding=\"async\" width=\"951\" height=\"487\" src=\"https:\/\/expormegafruit.com\/wp-content\/uploads\/2024\/09\/Logo-expormegafruit.png\" class=\"attachment-large size-large wp-image-14827\" alt=\"\" srcset=\"https:\/\/expormegafruit.com\/wp-content\/uploads\/2024\/09\/Logo-expormegafruit.png 951w, https:\/\/expormegafruit.com\/wp-content\/uploads\/2024\/09\/Logo-expormegafruit-768x393.png 768w\" sizes=\"(max-width: 951px) 100vw, 951px\" \/>\t\t\t\t\t\t\t\t\t\t\t\t\t<\/div>\n\t\t\t\t<\/div>\n\t\t\t\t\t<\/div>\n\t\t<\/div>\n\t\t\t\t<div class=\"elementor-column elementor-col-33 elementor-inner-column elementor-element elementor-element-d59922b\" data-id=\"d59922b\" data-element_type=\"column\">\n\t\t\t<div class=\"elementor-widget-wrap elementor-element-populated\">\n\t\t\t\t\t\t<div class=\"elementor-element elementor-element-5d80433 elementor-widget elementor-widget-klenstersectiontitle\" data-id=\"5d80433\" data-element_type=\"widget\" data-widget_type=\"klenstersectiontitle.default\">\n\t\t\t\t<div class=\"elementor-widget-container\">\n\t\t\t<div class=\"section-title-wrapper text-center\"><div class=\"title-wrap\"><h2 class=\"section-title\">Cont\u00e1ctanos<\/h2><\/div><!-- .title-wrap --><div class=\"section-description\">Cont\u00e1ctanos y recibe la mejor atenci\u00f3n personalizada para que adquieras las mejores frutas del mundo.<\/div><!-- .section-description --><\/div><!-- .section-title-wrapper -->\t\t<\/div>\n\t\t\t\t<\/div>\n\t\t\t\t\t<\/div>\n\t\t<\/div>\n\t\t\t\t<div class=\"elementor-column elementor-col-33 elementor-inner-column elementor-element elementor-element-fdc1962\" data-id=\"fdc1962\" data-element_type=\"column\">\n\t\t\t<div class=\"elementor-widget-wrap elementor-element-populated\">\n\t\t\t\t\t\t<div class=\"elementor-element elementor-element-907946b elementor-widget elementor-widget-image\" data-id=\"907946b\" data-element_type=\"widget\" data-widget_type=\"image.default\">\n\t\t\t\t<div class=\"elementor-widget-container\">\n\t\t\t\t\t\t\t\t\t\t\t\t\t<img decoding=\"async\" width=\"1032\" height=\"694\" src=\"https:\/\/expormegafruit.com\/wp-content\/uploads\/2025\/10\/logo_inm-1032x694.jpg\" class=\"attachment-large size-large wp-image-15425\" alt=\"\" \/>\t\t\t\t\t\t\t\t\t\t\t\t\t<\/div>\n\t\t\t\t<\/div>\n\t\t\t\t\t<\/div>\n\t\t<\/div>\n\t\t\t\t\t<\/div>\n\t\t<\/section>\n\t\t\t\t<div class=\"elementor-element elementor-element-baf30d5 elementor-widget elementor-widget-contactform\" data-id=\"baf30d5\" data-element_type=\"widget\" data-widget_type=\"contactform.default\">\n\t\t\t\t<div class=\"elementor-widget-container\">\n\t\t\t<div class=\"contact-form-wrapper cf-default text-center\"><div class=\"contact-form\">\n<div class=\"wpcf7 no-js\" id=\"wpcf7-f13403-o1\" lang=\"en-US\" dir=\"ltr\">\n<div class=\"screen-reader-response\"><p role=\"status\" aria-live=\"polite\" aria-atomic=\"true\"><\/p> <ul><\/ul><\/div>\n<form action=\"\/index.php?rest_route=%2Fwp%2Fv2%2Fpages%2F13384#wpcf7-f13403-o1\" method=\"post\" class=\"wpcf7-form init\" aria-label=\"Contact form\" novalidate=\"novalidate\" data-status=\"init\">\n<div style=\"display: none;\">\n<input type=\"hidden\" name=\"_wpcf7\" value=\"13403\" \/>\n<input type=\"hidden\" name=\"_wpcf7_version\" value=\"5.9.8\" \/>\n<input type=\"hidden\" name=\"_wpcf7_locale\" value=\"en_US\" \/>\n<input type=\"hidden\" name=\"_wpcf7_unit_tag\" value=\"wpcf7-f13403-o1\" \/>\n<input type=\"hidden\" name=\"_wpcf7_container_post\" value=\"0\" \/>\n<input type=\"hidden\" name=\"_wpcf7_posted_data_hash\" value=\"\" \/>\n<\/div>\n<div class=\"row\">\n\t<div class=\"col-md-4\">\n\t\t<p><span class=\"wpcf7-form-control-wrap\" data-name=\"your-name\"><input size=\"40\" maxlength=\"400\" class=\"wpcf7-form-control wpcf7-text wpcf7-validates-as-required\" aria-required=\"true\" aria-invalid=\"false\" placeholder=\"Your Name\" value=\"\" type=\"text\" name=\"your-name\" \/><\/span>\n\t\t<\/p>\n\t<\/div>\n\t<div class=\"col-md-4\">\n\t\t<p><span class=\"wpcf7-form-control-wrap\" data-name=\"your-email\"><input size=\"40\" maxlength=\"400\" class=\"wpcf7-form-control wpcf7-email wpcf7-validates-as-required wpcf7-text wpcf7-validates-as-email\" aria-required=\"true\" aria-invalid=\"false\" placeholder=\"Your Email\" value=\"\" type=\"email\" name=\"your-email\" \/><\/span>\n\t\t<\/p>\n\t<\/div>\n\t<div class=\"col-md-4\">\n\t\t<p><span class=\"wpcf7-form-control-wrap\" data-name=\"your-phone\"><input size=\"40\" maxlength=\"400\" class=\"wpcf7-form-control wpcf7-tel wpcf7-validates-as-required wpcf7-text wpcf7-validates-as-tel\" aria-required=\"true\" aria-invalid=\"false\" placeholder=\"Your Phone\" value=\"\" type=\"tel\" name=\"your-phone\" \/><\/span>\n\t\t<\/p>\n\t<\/div>\n<\/div>\n<div class=\"row\">\n\t<div class=\"col-md-12\">\n\t\t<p><span class=\"wpcf7-form-control-wrap\" data-name=\"your-message\"><textarea cols=\"40\" rows=\"3\" maxlength=\"2000\" class=\"wpcf7-form-control wpcf7-textarea\" aria-invalid=\"false\" placeholder=\"Message\" name=\"your-message\"><\/textarea><\/span>\n\t\t<\/p>\n\t<\/div>\n<\/div>\n<div class=\"row\">\n\t<div class=\"col-md-12\">\n\t\t<p><input class=\"wpcf7-form-control wpcf7-submit has-spinner\" type=\"submit\" value=\"Send Message\" \/>\n\t\t<\/p>\n\t<\/div>\n<\/div><div class=\"wpcf7-response-output\" aria-hidden=\"true\"><\/div>\n<\/form>\n<\/div>\n<\/div><!-- .contact-form --><\/div><!-- .contact-form-wrapper -->\t\t<\/div>\n\t\t\t\t<\/div>\n\t\t\t\t\t<\/div>\n\t\t<\/div>\n\t\t\t\t\t<\/div>\n\t\t<\/section>\n\t\t\t\t<section class=\"elementor-section elementor-top-section elementor-element elementor-element-9561a92 elementor-section-boxed elementor-section-height-default elementor-section-height-default\" data-id=\"9561a92\" data-element_type=\"section\" data-settings=\"{&quot;background_background&quot;:&quot;classic&quot;}\">\n\t\t\t\t\t\t<div class=\"elementor-container elementor-column-gap-default\">\n\t\t\t\t\t<div class=\"elementor-column elementor-col-100 elementor-top-column elementor-element elementor-element-3cf62f3\" data-id=\"3cf62f3\" data-element_type=\"column\">\n\t\t\t<div class=\"elementor-widget-wrap elementor-element-populated\">\n\t\t\t\t\t\t<section class=\"elementor-section elementor-inner-section elementor-element elementor-element-20ec665 elementor-section-boxed elementor-section-height-default elementor-section-height-default\" data-id=\"20ec665\" data-element_type=\"section\">\n\t\t\t\t\t\t<div class=\"elementor-container elementor-column-gap-default\">\n\t\t\t\t\t<div class=\"elementor-column elementor-col-33 elementor-inner-column elementor-element elementor-element-474de7a\" data-id=\"474de7a\" data-element_type=\"column\">\n\t\t\t<div class=\"elementor-widget-wrap elementor-element-populated\">\n\t\t\t\t\t\t<div class=\"elementor-element elementor-element-a7c3424 elementor-widget elementor-widget-klensterfeaturebox\" data-id=\"a7c3424\" data-element_type=\"widget\" data-widget_type=\"klensterfeaturebox.default\">\n\t\t\t\t<div class=\"elementor-widget-container feature-box-wrapper margin-bottom-0 text-center shortcode-rand-1 klenster-inline-css\" data-css=\"&quot;.shortcode-rand-1.feature-box-wrapper .feature-box-inner &gt; *:nth-child(1), .shortcode-rand-1.feature-box-wrapper &gt; .media &gt; .media-body &gt; *:nth-child(1) { margin-bottom: 25px; }.shortcode-rand-1.feature-box-wrapper .feature-box-inner &gt; *:nth-child(2), .shortcode-rand-1.feature-box-wrapper &gt; .media &gt; .media-body &gt; *:nth-child(2) { margin-bottom: 8px; }.shortcode-rand-1.feature-box-wrapper .feature-box-inner &gt; *:nth-child(3), .shortcode-rand-1.feature-box-wrapper &gt; .media &gt; .media-body &gt; *:nth-child(3) { margin-bottom: 22px; }&quot;\">\r\n\t\t\t<div class=\"feature-box-inner\"><div class=\"feature-box-icon\"><span class=\"text-center theme-color-bg icon-icon-light rounded-circle fbox-icon-middle ti-home\"><\/span><\/div><h5 class=\"feature-box-title\">Vis\u00edtanos<\/h5><div class=\"fbox-content\">The Blue House LLC<br>\nWoodbridge, VA - 22192<br>\nVirginia - Estados Unidos\n<br><br> C\u00f3rdova 810 y V\u00edctor Manuel Rend\u00f3n <br>Edif. Torres de la Merced, Piso 8 Of. 4. <br>Guayaquil - Ecuador<\/div><div class=\"feature-box-btn\"><a class=\"btn btn-default\" href=\"\" title=\"More\">More<\/a><\/div><!-- .feature-box-btn --><\/div>\t\t<\/div>\r\n\t\t\t\t<\/div>\n\t\t\t\t\t<\/div>\n\t\t<\/div>\n\t\t\t\t<div class=\"elementor-column elementor-col-33 elementor-inner-column elementor-element elementor-element-406d896\" data-id=\"406d896\" data-element_type=\"column\">\n\t\t\t<div class=\"elementor-widget-wrap elementor-element-populated\">\n\t\t\t\t\t\t<div class=\"elementor-element elementor-element-bc59961 elementor-widget elementor-widget-klensterfeaturebox\" data-id=\"bc59961\" data-element_type=\"widget\" data-widget_type=\"klensterfeaturebox.default\">\n\t\t\t\t<div class=\"elementor-widget-container feature-box-wrapper margin-bottom-0 text-center shortcode-rand-2 klenster-inline-css\" data-css=\"&quot;.shortcode-rand-2.feature-box-wrapper .feature-box-inner &gt; *:nth-child(1), .shortcode-rand-2.feature-box-wrapper &gt; .media &gt; .media-body &gt; *:nth-child(1) { margin-bottom: 25px; }.shortcode-rand-2.feature-box-wrapper .feature-box-inner &gt; *:nth-child(2), .shortcode-rand-2.feature-box-wrapper &gt; .media &gt; .media-body &gt; *:nth-child(2) { margin-bottom: 8px; }.shortcode-rand-2.feature-box-wrapper .feature-box-inner &gt; *:nth-child(3), .shortcode-rand-2.feature-box-wrapper &gt; .media &gt; .media-body &gt; *:nth-child(3) { margin-bottom: 22px; }&quot;\">\r\n\t\t\t<div class=\"feature-box-inner\"><div class=\"feature-box-icon\"><span class=\"text-center theme-color-bg icon-icon-light rounded-circle fbox-icon-middle ti-headphone-alt\"><\/span><\/div><h5 class=\"feature-box-title\">Ll\u00e1manos<\/h5><div class=\"fbox-content\">Contactarnos al:<br>\nPhone: \u202a+1 814)360-6472\u202c<br>\nEspa\u00f1ol: \u202a+1 814 599 5094\u202c<br>\nEstados Unidos<br>\n<br>+593 98 307 1334<br>Ecuador<\/a><\/div><div class=\"feature-box-btn\"><a class=\"btn btn-default\" href=\"\" title=\"More\">More<\/a><\/div><!-- .feature-box-btn --><\/div>\t\t<\/div>\r\n\t\t\t\t<\/div>\n\t\t\t\t\t<\/div>\n\t\t<\/div>\n\t\t\t\t<div class=\"elementor-column elementor-col-33 elementor-inner-column elementor-element elementor-element-c3adf38\" data-id=\"c3adf38\" data-element_type=\"column\">\n\t\t\t<div class=\"elementor-widget-wrap elementor-element-populated\">\n\t\t\t\t\t\t<div class=\"elementor-element elementor-element-7915b64 elementor-widget elementor-widget-klensterfeaturebox\" data-id=\"7915b64\" data-element_type=\"widget\" data-widget_type=\"klensterfeaturebox.default\">\n\t\t\t\t<div class=\"elementor-widget-container feature-box-wrapper margin-bottom-0 text-center shortcode-rand-3 klenster-inline-css\" data-css=\"&quot;.shortcode-rand-3.feature-box-wrapper .feature-box-inner &gt; *:nth-child(1), .shortcode-rand-3.feature-box-wrapper &gt; .media &gt; .media-body &gt; *:nth-child(1) { margin-bottom: 25px; }.shortcode-rand-3.feature-box-wrapper .feature-box-inner &gt; *:nth-child(2), .shortcode-rand-3.feature-box-wrapper &gt; .media &gt; .media-body &gt; *:nth-child(2) { margin-bottom: 8px; }.shortcode-rand-3.feature-box-wrapper .feature-box-inner &gt; *:nth-child(3), .shortcode-rand-3.feature-box-wrapper &gt; .media &gt; .media-body &gt; *:nth-child(3) { margin-bottom: 22px; }&quot;\">\r\n\t\t\t<div class=\"feature-box-inner\"><div class=\"feature-box-icon\"><span class=\"text-center theme-color-bg icon-icon-light rounded-circle fbox-icon-middle ti-email\"><\/span><\/div><h5 class=\"feature-box-title\">Email<\/h5><div class=\"fbox-content\">info@thebuehouse.shop\nthebluehousegifts@gmail.com <br>Estados Unidos<br><br>info@expormegafruit.com<br>ventas@expormegafruit.com<\/a><br>\nEcuador<\/div><div class=\"feature-box-btn\"><a class=\"btn btn-default\" href=\"\" title=\"More\">More<\/a><\/div><!-- .feature-box-btn --><\/div>\t\t<\/div>\r\n\t\t\t\t<\/div>\n\t\t\t\t\t<\/div>\n\t\t<\/div>\n\t\t\t\t\t<\/div>\n\t\t<\/section>\n\t\t\t\t\t<\/div>\n\t\t<\/div>\n\t\t\t\t\t<\/div>\n\t\t<\/section>\n\t\t\t\t<section class=\"elementor-section elementor-top-section elementor-element elementor-element-16a4ae5 elementor-section-stretched elementor-section-full_width elementor-section-height-default elementor-section-height-default\" data-id=\"16a4ae5\" data-element_type=\"section\" data-settings=\"{&quot;stretch_section&quot;:&quot;section-stretched&quot;}\">\n\t\t\t\t\t\t<div class=\"elementor-container elementor-column-gap-no\">\n\t\t\t\t\t<div class=\"elementor-column elementor-col-100 elementor-top-column elementor-element elementor-element-08d499e\" data-id=\"08d499e\" data-element_type=\"column\">\n\t\t\t<div class=\"elementor-widget-wrap elementor-element-populated\">\n\t\t\t\t\t\t<div class=\"elementor-element elementor-element-0f83a5d elementor-widget elementor-widget-google_maps\" data-id=\"0f83a5d\" data-element_type=\"widget\" data-widget_type=\"google_maps.default\">\n\t\t\t\t<div class=\"elementor-widget-container\">\n\t\t\t\t\t<div class=\"elementor-custom-embed\">\n\t\t\t<iframe loading=\"lazy\"\n\t\t\t\t\tsrc=\"https:\/\/maps.google.com\/maps?q=torres%20de%20la%20merced&#038;t=m&#038;z=15&#038;output=embed&#038;iwloc=near\"\n\t\t\t\t\ttitle=\"torres de la merced\"\n\t\t\t\t\taria-label=\"torres de la merced\"\n\t\t\t><\/iframe>\n\t\t<\/div>\n\t\t\t\t<\/div>\n\t\t\t\t<\/div>\n\t\t\t\t\t<\/div>\n\t\t<\/div>\n\t\t\t\t\t<\/div>\n\t\t<\/section>\n\t\t\t\t<\/div>\n\t\t","protected":false},"excerpt":{"rendered":"<p>Cont\u00e1ctanos Cont\u00e1ctanos y recibe la mejor atenci\u00f3n personalizada para que adquieras las mejores frutas del mundo. Vis\u00edtanos The Blue House LLC Woodbridge, VA &#8211; 22192 Virginia &#8211; Estados Unidos C\u00f3rdova 810 y V\u00edctor Manuel Rend\u00f3n Edif. Torres de la Merced, Piso 8 Of. 4. Guayaquil &#8211; EcuadorMore Ll\u00e1manos Contactarnos al: Phone: \u202a+1 814)360-6472\u202c Espa\u00f1ol: \u202a+1<\/p>\n","protected":false},"author":1,"featured_media":0,"parent":0,"menu_order":0,"comment_status":"closed","ping_status":"closed","template":"","meta":{"footnotes":""},"class_list":["post-13384","page","type-page","status-publish","hentry"],"_links":{"self":[{"href":"https:\/\/expormegafruit.com\/index.php?rest_route=\/wp\/v2\/pages\/13384","targetHints":{"allow":["GET"]}}],"collection":[{"href":"https:\/\/expormegafruit.com\/index.php?rest_route=\/wp\/v2\/pages"}],"about":[{"href":"https:\/\/expormegafruit.com\/index.php?rest_route=\/wp\/v2\/types\/page"}],"author":[{"embeddable":true,"href":"https:\/\/expormegafruit.com\/index.php?rest_route=\/wp\/v2\/users\/1"}],"replies":[{"embeddable":true,"href":"https:\/\/expormegafruit.com\/index.php?rest_route=%2Fwp%2Fv2%2Fcomments&post=13384"}],"version-history":[{"count":35,"href":"https:\/\/expormegafruit.com\/index.php?rest_route=\/wp\/v2\/pages\/13384\/revisions"}],"predecessor-version":[{"id":15428,"href":"https:\/\/expormegafruit.com\/index.php?rest_route=\/wp\/v2\/pages\/13384\/revisions\/15428"}],"wp:attachment":[{"href":"https:\/\/expormegafruit.com\/index.php?rest_route=%2Fwp%2Fv2%2Fmedia&parent=13384"}],"curies":[{"name":"wp","href":"https:\/\/api.w.org\/{rel}","templated":true}]}}